{"id":17023,"date":"2025-12-08T17:12:06","date_gmt":"2025-12-08T13:12:06","guid":{"rendered":"https:\/\/acriera.com\/shop\/?post_type=product&#038;p=17023"},"modified":"2025-12-08T17:12:06","modified_gmt":"2025-12-08T13:12:06","slug":"aursithra","status":"publish","type":"product","link":"https:\/\/acriera.com\/shop\/product\/aursithra\/","title":{"rendered":"Aursithra"},"content":{"rendered":"<p data-start=\"2008\" data-end=\"2386\"><strong data-start=\"2008\" data-end=\"2031\">Aursithra aksesuar\u0131<\/strong><br data-start=\"2031\" data-end=\"2034\" \/>&#8220;Aursithra&#8221; aksesuar\u0131 m\u00fcasir minimalist formada haz\u0131rlanm\u0131\u015f divara qura\u015fd\u0131r\u0131lan tualet ka\u011f\u0131z\u0131 tutucusudur. Yum\u015faq \u0259yrili konstruksiya h\u0259m istifad\u0259 olunan rulonu, h\u0259m d\u0259 \u0259lav\u0259 ehtiyat rulonu rahat yerl\u0259\u015fdirm\u0259y\u0259 imkan verir. Bu, sanitar m\u0259kan\u0131nda s\u0259liq\u0259 v\u0259 funksionall\u0131q yarad\u0131r. Akril material\u0131n hamar s\u0259thi is\u0259 m\u00fcasir interyerl\u0259rl\u0259 harmoniyada g\u00f6r\u00fcn\u00fcr.<\/p>\n<ul data-start=\"2388\" data-end=\"2606\">\n<li data-start=\"2388\" data-end=\"2420\">\n<p data-start=\"2390\" data-end=\"2420\"><strong data-start=\"2390\" data-end=\"2403\">Material:<\/strong> akril s\u00fcni da\u015f<\/p>\n<\/li>\n<li data-start=\"2421\" data-end=\"2481\">\n<p data-start=\"2423\" data-end=\"2481\"><strong data-start=\"2423\" data-end=\"2434\">Dizayn:<\/strong> iki funksional s\u0259th\u0259 malik \u0259yri konstruksiya<\/p>\n<\/li>\n<li data-start=\"2482\" data-end=\"2606\">\n<p data-start=\"2484\" data-end=\"2606\"><strong data-start=\"2484\" data-end=\"2502\">X\u00fcsusiyy\u0259tl\u0259r:<\/strong> m\u00f6hk\u0259mlik v\u0259 y\u00fcng\u00fcll\u00fck, suya davaml\u0131l\u0131q, y\u00fcks\u0259k istiliy\u0259 davaml\u0131l\u0131q, z\u0259rb\u0259y\u0259 davaml\u0131l\u0131q, gigiyenik s\u0259th<\/p>\n<\/li>\n<\/ul>\n<p data-start=\"2608\" data-end=\"2675\">Aursithra m\u0259kan\u0131n\u0131za funksionall\u0131q, s\u0259liq\u0259 v\u0259 m\u00fcasir \u00fcslub qatacaq.<\/p>\n","protected":false},"excerpt":{"rendered":"<p>Aursithra aksesuar\u0131&#8220;Aursithra&#8221; aksesuar\u0131 m\u00fcasir minimalist formada haz\u0131rlanm\u0131\u015f divara qura\u015fd\u0131r\u0131lan tualet ka\u011f\u0131z\u0131 tutucusudur. Yum\u015faq \u0259yrili konstruksiya h\u0259m istifad\u0259 olunan rulonu, h\u0259m<\/p>\n","protected":false},"featured_media":17024,"template":"","meta":[],"product_cat":[120],"product_tag":[265,392,384,251,395],"class_list":{"0":"post-17023","1":"product","2":"type-product","3":"status-publish","4":"has-post-thumbnail","6":"product_cat-smallitems","7":"product_tag-akril-das","8":"product_tag-funksional-interyer","9":"product_tag-hamam-aksesuari","10":"product_tag-minimalist-dizayn","11":"product_tag-tualet-kagizi-tutucusu","13":"first","14":"instock","15":"shipping-taxable","16":"purchasable","17":"product-type-simple"},"_links":{"self":[{"href":"https:\/\/acriera.com\/shop\/wp-json\/wp\/v2\/product\/17023","targetHints":{"allow":["GET"]}}],"collection":[{"href":"https:\/\/acriera.com\/shop\/wp-json\/wp\/v2\/product"}],"about":[{"href":"https:\/\/acriera.com\/shop\/wp-json\/wp\/v2\/types\/product"}],"version-history":[{"count":1,"href":"https:\/\/acriera.com\/shop\/wp-json\/wp\/v2\/product\/17023\/revisions"}],"predecessor-version":[{"id":17033,"href":"https:\/\/acriera.com\/shop\/wp-json\/wp\/v2\/product\/17023\/revisions\/17033"}],"wp:featuredmedia":[{"embeddable":true,"href":"https:\/\/acriera.com\/shop\/wp-json\/wp\/v2\/media\/17024"}],"wp:attachment":[{"href":"https:\/\/acriera.com\/shop\/wp-json\/wp\/v2\/media?parent=17023"}],"wp:term":[{"taxonomy":"product_cat","embeddable":true,"href":"https:\/\/acriera.com\/shop\/wp-json\/wp\/v2\/product_cat?post=17023"},{"taxonomy":"product_tag","embeddable":true,"href":"https:\/\/acriera.com\/shop\/wp-json\/wp\/v2\/product_tag?post=17023"}],"curies":[{"name":"wp","href":"https:\/\/api.w.org\/{rel}","templated":true}]}}