{"id":17004,"date":"2025-12-08T15:54:20","date_gmt":"2025-12-08T11:54:20","guid":{"rendered":"https:\/\/acriera.com\/shop\/?post_type=product&#038;p=17004"},"modified":"2026-03-03T18:38:39","modified_gmt":"2026-03-03T14:38:39","slug":"novalalys","status":"publish","type":"product","link":"https:\/\/acriera.com\/shop\/product\/novalalys\/","title":{"rendered":"Novalalys"},"content":{"rendered":"<p data-start=\"2125\" data-end=\"2483\"><strong data-start=\"2125\" data-end=\"2148\">Novalalys aksesuar\u0131<\/strong><br data-start=\"2148\" data-end=\"2151\" \/>&#8220;Novalalys&#8221; aksesuar\u0131 z\u0259rif minimalist formada haz\u0131rlanm\u0131\u015f funksional divar r\u0259fidir. Asimmetrik qurulu\u015fu say\u0259sind\u0259 sabun, dispenser, f\u0131r\u00e7a v\u0259 g\u00fcnd\u0259lik istifad\u0259 olunan dig\u0259r \u0259\u015fyalar\u0131n s\u0259liq\u0259li \u015f\u0259kild\u0259 yerl\u0259\u015fdirilm\u0259sin\u0259 imkan yarad\u0131r. Yum\u015faq \u0259yrilik ona vizual y\u00fcng\u00fcll\u00fck verir, hamar s\u0259thi is\u0259 m\u00fcasir skandinaviya \u00fcslubunu tamamlay\u0131r.<\/p>\n<ul data-start=\"2485\" data-end=\"2719\">\n<li data-start=\"2485\" data-end=\"2517\">\n<p data-start=\"2487\" data-end=\"2517\"><strong data-start=\"2487\" data-end=\"2500\">Material:<\/strong> akril s\u00fcni da\u015f<\/p>\n<\/li>\n<li data-start=\"2518\" data-end=\"2594\">\n<p data-start=\"2520\" data-end=\"2594\"><strong data-start=\"2520\" data-end=\"2531\">Dizayn:<\/strong> yum\u015faq \u0259yrili v\u0259 iki funksional s\u0259thli asimmetrik divar r\u0259fi<\/p>\n<\/li>\n<li data-start=\"2595\" data-end=\"2719\">\n<p data-start=\"2597\" data-end=\"2719\"><strong data-start=\"2597\" data-end=\"2615\">X\u00fcsusiyy\u0259tl\u0259r:<\/strong> m\u00f6hk\u0259mlik v\u0259 y\u00fcng\u00fcll\u00fck, suya davaml\u0131l\u0131q, y\u00fcks\u0259k istiliy\u0259 davaml\u0131l\u0131q, z\u0259rb\u0259y\u0259 davaml\u0131l\u0131q, gigiyenik s\u0259th<\/p>\n<\/li>\n<\/ul>\n<p data-start=\"2721\" data-end=\"2799\">Novalalys m\u0259kan\u0131n\u0131za t\u0259miz x\u0259tl\u0259r, rahatl\u0131q v\u0259 s\u0259liq\u0259li t\u0259\u015fkilat \u0259lav\u0259 ed\u0259c\u0259k.<\/p>\n","protected":false},"excerpt":{"rendered":"<p>Novalalys aksesuar\u0131&#8220;Novalalys&#8221; aksesuar\u0131 z\u0259rif minimalist formada haz\u0131rlanm\u0131\u015f funksional divar r\u0259fidir. Asimmetrik qurulu\u015fu say\u0259sind\u0259 sabun, dispenser, f\u0131r\u00e7a v\u0259 g\u00fcnd\u0259lik istifad\u0259 olunan<\/p>\n","protected":false},"featured_media":17010,"template":"","meta":[],"product_cat":[120],"product_tag":[265,250,392,384,251],"class_list":{"0":"post-17004","1":"product","2":"type-product","3":"status-publish","4":"has-post-thumbnail","6":"product_cat-smallitems","7":"product_tag-akril-das","8":"product_tag-divar-rfi","9":"product_tag-funksional-interyer","10":"product_tag-hamam-aksesuari","11":"product_tag-minimalist-dizayn","13":"first","14":"instock","15":"shipping-taxable","16":"purchasable","17":"product-type-variable"},"_links":{"self":[{"href":"https:\/\/acriera.com\/shop\/wp-json\/wp\/v2\/product\/17004","targetHints":{"allow":["GET"]}}],"collection":[{"href":"https:\/\/acriera.com\/shop\/wp-json\/wp\/v2\/product"}],"about":[{"href":"https:\/\/acriera.com\/shop\/wp-json\/wp\/v2\/types\/product"}],"version-history":[{"count":1,"href":"https:\/\/acriera.com\/shop\/wp-json\/wp\/v2\/product\/17004\/revisions"}],"predecessor-version":[{"id":17016,"href":"https:\/\/acriera.com\/shop\/wp-json\/wp\/v2\/product\/17004\/revisions\/17016"}],"wp:featuredmedia":[{"embeddable":true,"href":"https:\/\/acriera.com\/shop\/wp-json\/wp\/v2\/media\/17010"}],"wp:attachment":[{"href":"https:\/\/acriera.com\/shop\/wp-json\/wp\/v2\/media?parent=17004"}],"wp:term":[{"taxonomy":"product_cat","embeddable":true,"href":"https:\/\/acriera.com\/shop\/wp-json\/wp\/v2\/product_cat?post=17004"},{"taxonomy":"product_tag","embeddable":true,"href":"https:\/\/acriera.com\/shop\/wp-json\/wp\/v2\/product_tag?post=17004"}],"curies":[{"name":"wp","href":"https:\/\/api.w.org\/{rel}","templated":true}]}}