{"id":16984,"date":"2025-12-08T14:24:17","date_gmt":"2025-12-08T10:24:17","guid":{"rendered":"https:\/\/acriera.com\/shop\/?post_type=product&#038;p=16984"},"modified":"2025-12-08T14:36:16","modified_gmt":"2025-12-08T10:36:16","slug":"aurtira","status":"publish","type":"product","link":"https:\/\/acriera.com\/shop\/product\/aurtira\/","title":{"rendered":"Aurtira"},"content":{"rendered":"<p data-start=\"1844\" data-end=\"2168\"><strong data-start=\"1844\" data-end=\"1865\">Aurtira aksesuar\u0131<\/strong><br data-start=\"1865\" data-end=\"1868\" \/>&#8220;Aurtira&#8221; aksesuar\u0131 m\u00fcasir divardan as\u0131lan sabunluqdur. Sad\u0259 formas\u0131 v\u0259 meyilli s\u0259thi say\u0259sind\u0259 su asanl\u0131qla ax\u0131r v\u0259 sabunun quru qalmas\u0131na k\u00f6m\u0259k edir. Drenaj \u00fc\u00e7\u00fcn n\u0259z\u0259rd\u0259 tutulmu\u015f yar\u0131q sabunun daha uzun m\u00fcdd\u0259t istifad\u0259sini t\u0259min edir. Hamam otaqlar\u0131, m\u0259tb\u0259xl\u0259r v\u0259 du\u015f m\u0259kanlar\u0131 \u00fc\u00e7\u00fcn ideal se\u00e7imdir.<\/p>\n<ul data-start=\"2170\" data-end=\"2394\">\n<li data-start=\"2170\" data-end=\"2202\">\n<p data-start=\"2172\" data-end=\"2202\"><strong data-start=\"2172\" data-end=\"2185\">Material:<\/strong> akril s\u00fcni da\u015f<\/p>\n<\/li>\n<li data-start=\"2203\" data-end=\"2269\">\n<p data-start=\"2205\" data-end=\"2269\"><strong data-start=\"2205\" data-end=\"2216\">Dizayn:<\/strong> meyilli s\u0259thli minimalist forma, drenaj \u00fc\u00e7\u00fcn yar\u0131q<\/p>\n<\/li>\n<li data-start=\"2270\" data-end=\"2394\">\n<p data-start=\"2272\" data-end=\"2394\"><strong data-start=\"2272\" data-end=\"2290\">X\u00fcsusiyy\u0259tl\u0259r:<\/strong> m\u00f6hk\u0259mlik v\u0259 y\u00fcng\u00fcll\u00fck, suya davaml\u0131l\u0131q, y\u00fcks\u0259k istiliy\u0259 davaml\u0131l\u0131q, z\u0259rb\u0259y\u0259 davaml\u0131l\u0131q, gigiyenik s\u0259th<\/p>\n<\/li>\n<\/ul>\n<p data-start=\"2396\" data-end=\"2457\">Aurtira m\u0259kan\u0131n\u0131za funksionall\u0131q v\u0259 s\u0259liq\u0259li g\u00f6r\u00fcn\u00fc\u015f qatacaq.<\/p>\n","protected":false},"excerpt":{"rendered":"<p>Aurtira aksesuar\u0131&#8220;Aurtira&#8221; aksesuar\u0131 m\u00fcasir divardan as\u0131lan sabunluqdur. Sad\u0259 formas\u0131 v\u0259 meyilli s\u0259thi say\u0259sind\u0259 su asanl\u0131qla ax\u0131r v\u0259 sabunun quru qalmas\u0131na<\/p>\n","protected":false},"featured_media":16985,"template":"","meta":[],"product_cat":[120],"product_tag":[265,384,251,385,383],"class_list":{"0":"post-16984","1":"product","2":"type-product","3":"status-publish","4":"has-post-thumbnail","6":"product_cat-smallitems","7":"product_tag-akril-das","8":"product_tag-hamam-aksesuari","9":"product_tag-minimalist-dizayn","10":"product_tag-sabun-qabi","11":"product_tag-sabunluq","13":"first","14":"instock","15":"shipping-taxable","16":"purchasable","17":"product-type-variable"},"_links":{"self":[{"href":"https:\/\/acriera.com\/shop\/wp-json\/wp\/v2\/product\/16984","targetHints":{"allow":["GET"]}}],"collection":[{"href":"https:\/\/acriera.com\/shop\/wp-json\/wp\/v2\/product"}],"about":[{"href":"https:\/\/acriera.com\/shop\/wp-json\/wp\/v2\/types\/product"}],"version-history":[{"count":2,"href":"https:\/\/acriera.com\/shop\/wp-json\/wp\/v2\/product\/16984\/revisions"}],"predecessor-version":[{"id":16997,"href":"https:\/\/acriera.com\/shop\/wp-json\/wp\/v2\/product\/16984\/revisions\/16997"}],"wp:featuredmedia":[{"embeddable":true,"href":"https:\/\/acriera.com\/shop\/wp-json\/wp\/v2\/media\/16985"}],"wp:attachment":[{"href":"https:\/\/acriera.com\/shop\/wp-json\/wp\/v2\/media?parent=16984"}],"wp:term":[{"taxonomy":"product_cat","embeddable":true,"href":"https:\/\/acriera.com\/shop\/wp-json\/wp\/v2\/product_cat?post=16984"},{"taxonomy":"product_tag","embeddable":true,"href":"https:\/\/acriera.com\/shop\/wp-json\/wp\/v2\/product_tag?post=16984"}],"curies":[{"name":"wp","href":"https:\/\/api.w.org\/{rel}","templated":true}]}}