{"id":16947,"date":"2025-12-01T21:35:57","date_gmt":"2025-12-01T17:35:57","guid":{"rendered":"https:\/\/acriera.com\/shop\/?post_type=product&#038;p=16947"},"modified":"2025-12-01T23:12:25","modified_gmt":"2025-12-01T19:12:25","slug":"elytanna","status":"publish","type":"product","link":"https:\/\/acriera.com\/shop\/product\/elytanna\/","title":{"rendered":"Elytanna"},"content":{"rendered":"<p data-start=\"1795\" data-end=\"2138\"><strong data-start=\"1795\" data-end=\"1817\">Elytanna aksesuar\u0131<\/strong><br data-start=\"1817\" data-end=\"1820\" \/>&#8220;Elytanna&#8221; aksesuar\u0131 desertl\u0259rin, q\u0259lyanalt\u0131lar\u0131n v\u0259 meyv\u0259l\u0259rin \u015f\u0131k \u015f\u0259kild\u0259 t\u0259qdimat\u0131 \u00fc\u00e7\u00fcn haz\u0131rlanm\u0131\u015fd\u0131r. Dal\u011favari formas\u0131 minimalizm estetikas\u0131n\u0131 vur\u011fulay\u0131r v\u0259 t\u0259qdimat\u0131 daha z\u0259rif v\u0259 diqq\u0259t\u00e7\u0259k\u0259n edir. Kompakt \u00f6l\u00e7\u00fcl\u0259ri v\u0259 hamar s\u0259thi say\u0259sind\u0259 h\u0259m ev \u015f\u0259raitind\u0259, h\u0259m d\u0259 restoran interyerl\u0259rind\u0259 istifad\u0259y\u0259 uy\u011fundur.<\/p>\n<ul data-start=\"2140\" data-end=\"2368\">\n<li data-start=\"2140\" data-end=\"2172\">\n<p data-start=\"2142\" data-end=\"2172\"><strong data-start=\"2142\" data-end=\"2155\">Material:<\/strong> akril s\u00fcni da\u015f<\/p>\n<\/li>\n<li data-start=\"2173\" data-end=\"2243\">\n<p data-start=\"2175\" data-end=\"2243\"><strong data-start=\"2175\" data-end=\"2186\">Dizayn:<\/strong> yum\u015faq \u0259yrili dal\u011favari forma, kvadrat t\u0259qdimat sah\u0259si<\/p>\n<\/li>\n<li data-start=\"2244\" data-end=\"2368\">\n<p data-start=\"2246\" data-end=\"2368\"><strong data-start=\"2246\" data-end=\"2264\">X\u00fcsusiyy\u0259tl\u0259r:<\/strong> m\u00f6hk\u0259mlik v\u0259 y\u00fcng\u00fcll\u00fck, suya davaml\u0131l\u0131q, y\u00fcks\u0259k istiliy\u0259 davaml\u0131l\u0131q, z\u0259rb\u0259y\u0259 davaml\u0131l\u0131q, gigiyenik s\u0259th<\/p>\n<\/li>\n<\/ul>\n<p data-start=\"2370\" data-end=\"2442\">Elytanna t\u0259qdimat\u0131n\u0131za z\u0259riflik, t\u0259miz x\u0259tl\u0259r v\u0259 m\u00fcasir ab-hava qatacaq.<\/p>\n","protected":false},"excerpt":{"rendered":"<p>Elytanna aksesuar\u0131&#8220;Elytanna&#8221; aksesuar\u0131 desertl\u0259rin, q\u0259lyanalt\u0131lar\u0131n v\u0259 meyv\u0259l\u0259rin \u015f\u0131k \u015f\u0259kild\u0259 t\u0259qdimat\u0131 \u00fc\u00e7\u00fcn haz\u0131rlanm\u0131\u015fd\u0131r. Dal\u011favari formas\u0131 minimalizm estetikas\u0131n\u0131 vur\u011fulay\u0131r v\u0259 t\u0259qdimat\u0131 daha<\/p>\n","protected":false},"featured_media":16951,"template":"","meta":[],"product_cat":[120],"product_tag":[265,376,251,375,374],"class_list":{"0":"post-16947","1":"product","2":"type-product","3":"status-publish","4":"has-post-thumbnail","6":"product_cat-smallitems","7":"product_tag-akril-das","8":"product_tag-mtbx-aksesuari","9":"product_tag-minimalist-dizayn","10":"product_tag-muasir-tqdimat","11":"product_tag-servis-bosqabi","13":"first","14":"instock","15":"shipping-taxable","16":"purchasable","17":"product-type-simple"},"_links":{"self":[{"href":"https:\/\/acriera.com\/shop\/wp-json\/wp\/v2\/product\/16947","targetHints":{"allow":["GET"]}}],"collection":[{"href":"https:\/\/acriera.com\/shop\/wp-json\/wp\/v2\/product"}],"about":[{"href":"https:\/\/acriera.com\/shop\/wp-json\/wp\/v2\/types\/product"}],"version-history":[{"count":2,"href":"https:\/\/acriera.com\/shop\/wp-json\/wp\/v2\/product\/16947\/revisions"}],"predecessor-version":[{"id":16967,"href":"https:\/\/acriera.com\/shop\/wp-json\/wp\/v2\/product\/16947\/revisions\/16967"}],"wp:featuredmedia":[{"embeddable":true,"href":"https:\/\/acriera.com\/shop\/wp-json\/wp\/v2\/media\/16951"}],"wp:attachment":[{"href":"https:\/\/acriera.com\/shop\/wp-json\/wp\/v2\/media?parent=16947"}],"wp:term":[{"taxonomy":"product_cat","embeddable":true,"href":"https:\/\/acriera.com\/shop\/wp-json\/wp\/v2\/product_cat?post=16947"},{"taxonomy":"product_tag","embeddable":true,"href":"https:\/\/acriera.com\/shop\/wp-json\/wp\/v2\/product_tag?post=16947"}],"curies":[{"name":"wp","href":"https:\/\/api.w.org\/{rel}","templated":true}]}}