{"id":16931,"date":"2025-12-01T17:38:56","date_gmt":"2025-12-01T13:38:56","guid":{"rendered":"https:\/\/acriera.com\/shop\/?post_type=product&#038;p=16931"},"modified":"2025-12-01T23:11:51","modified_gmt":"2025-12-01T19:11:51","slug":"astraelia","status":"publish","type":"product","link":"https:\/\/acriera.com\/shop\/product\/astraelia\/","title":{"rendered":"Astraelia"},"content":{"rendered":"<p data-start=\"1728\" data-end=\"2084\"><strong data-start=\"1728\" data-end=\"1751\">Astraelia aksesuar\u0131<\/strong><br data-start=\"1751\" data-end=\"1754\" \/>&#8220;Astraelia&#8221; aksesuar\u0131 dal\u011favari formas\u0131 il\u0259 y\u00fcng\u00fcll\u00fck v\u0259 ax\u0131c\u0131l\u0131q hissi yarad\u0131r. \u0130kiqatl\u0131 qurulu\u015f meyv\u0259l\u0259ri v\u0259 ya dekorativ \u0259\u015fyalar\u0131 rahat \u015f\u0259kild\u0259 ay\u0131rma\u011fa imkan verir v\u0259 h\u0259m funksionall\u0131\u011f\u0131, h\u0259m d\u0259 estetik g\u00f6r\u00fcn\u00fc\u015f\u00fc bir araya g\u0259tirir. M\u00fcasir v\u0259 skandinaviya \u00fcslublu m\u0259tb\u0259kl\u0259r, h\u0259m\u00e7inin masa servisind\u0259 istifad\u0259 \u00fc\u00e7\u00fcn ideal se\u00e7imdir.<\/p>\n<ul data-start=\"2086\" data-end=\"2300\">\n<li data-start=\"2086\" data-end=\"2118\">\n<p data-start=\"2088\" data-end=\"2118\"><strong data-start=\"2088\" data-end=\"2101\">Material:<\/strong> akril s\u00fcni da\u015f<\/p>\n<\/li>\n<li data-start=\"2119\" data-end=\"2175\">\n<p data-start=\"2121\" data-end=\"2175\"><strong data-start=\"2121\" data-end=\"2132\">Dizayn:<\/strong> ikiqatl\u0131 dal\u011favari forma, yum\u015faq \u0259yril\u0259r<\/p>\n<\/li>\n<li data-start=\"2176\" data-end=\"2300\">\n<p data-start=\"2178\" data-end=\"2300\"><strong data-start=\"2178\" data-end=\"2196\">X\u00fcsusiyy\u0259tl\u0259r:<\/strong> m\u00f6hk\u0259mlik v\u0259 y\u00fcng\u00fcll\u00fck, suya davaml\u0131l\u0131q, y\u00fcks\u0259k istiliy\u0259 davaml\u0131l\u0131q, z\u0259rb\u0259y\u0259 davaml\u0131l\u0131q, gigiyenik s\u0259th<\/p>\n<\/li>\n<\/ul>\n<p data-start=\"2302\" data-end=\"2372\">Astraelia m\u0259kan\u0131n\u0131za z\u0259riflik, dinamiklik v\u0259 t\u0259miz minimalizm qatacaq.<\/p>\n","protected":false},"excerpt":{"rendered":"<p>Astraelia aksesuar\u0131&#8220;Astraelia&#8221; aksesuar\u0131 dal\u011favari formas\u0131 il\u0259 y\u00fcng\u00fcll\u00fck v\u0259 ax\u0131c\u0131l\u0131q hissi yarad\u0131r. \u0130kiqatl\u0131 qurulu\u015f meyv\u0259l\u0259ri v\u0259 ya dekorativ \u0259\u015fyalar\u0131 rahat \u015f\u0259kild\u0259<\/p>\n","protected":false},"featured_media":16935,"template":"","meta":[],"product_cat":[120],"product_tag":[265,353,365,367,366],"class_list":{"0":"post-16931","1":"product","2":"type-product","3":"status-publish","4":"has-post-thumbnail","6":"product_cat-smallitems","7":"product_tag-akril-das","8":"product_tag-dekorativ-qab","9":"product_tag-ikiqatli-dizayn","10":"product_tag-minimalist-uslub","11":"product_tag-muasir-mtbx","13":"first","14":"instock","15":"sale","16":"shipping-taxable","17":"purchasable","18":"product-type-simple"},"_links":{"self":[{"href":"https:\/\/acriera.com\/shop\/wp-json\/wp\/v2\/product\/16931","targetHints":{"allow":["GET"]}}],"collection":[{"href":"https:\/\/acriera.com\/shop\/wp-json\/wp\/v2\/product"}],"about":[{"href":"https:\/\/acriera.com\/shop\/wp-json\/wp\/v2\/types\/product"}],"version-history":[{"count":3,"href":"https:\/\/acriera.com\/shop\/wp-json\/wp\/v2\/product\/16931\/revisions"}],"predecessor-version":[{"id":16942,"href":"https:\/\/acriera.com\/shop\/wp-json\/wp\/v2\/product\/16931\/revisions\/16942"}],"wp:featuredmedia":[{"embeddable":true,"href":"https:\/\/acriera.com\/shop\/wp-json\/wp\/v2\/media\/16935"}],"wp:attachment":[{"href":"https:\/\/acriera.com\/shop\/wp-json\/wp\/v2\/media?parent=16931"}],"wp:term":[{"taxonomy":"product_cat","embeddable":true,"href":"https:\/\/acriera.com\/shop\/wp-json\/wp\/v2\/product_cat?post=16931"},{"taxonomy":"product_tag","embeddable":true,"href":"https:\/\/acriera.com\/shop\/wp-json\/wp\/v2\/product_tag?post=16931"}],"curies":[{"name":"wp","href":"https:\/\/api.w.org\/{rel}","templated":true}]}}