{"id":16915,"date":"2025-12-01T16:20:57","date_gmt":"2025-12-01T12:20:57","guid":{"rendered":"https:\/\/acriera.com\/shop\/?post_type=product&#038;p=16915"},"modified":"2025-12-01T16:20:57","modified_gmt":"2025-12-01T12:20:57","slug":"serithra","status":"publish","type":"product","link":"https:\/\/acriera.com\/shop\/product\/serithra\/","title":{"rendered":"Serithra"},"content":{"rendered":"<p data-start=\"1844\" data-end=\"2249\"><strong data-start=\"1844\" data-end=\"1866\">Serithra aksesuar\u0131<\/strong><br data-start=\"1866\" data-end=\"1869\" \/>&#8220;Serithra&#8221; aksesuar\u0131 minimalist skandinaviya \u00fcslubunda haz\u0131rlanm\u0131\u015fd\u0131r v\u0259 t\u0259miz geometrik x\u0259tl\u0259ri il\u0259 se\u00e7ilir. Y\u00fcng\u00fcl asimmetrik \u00fcst kontur ona \u00f6z\u00fcn\u0259m\u0259xsus vizual xarakter verir, kompakt dair\u0259vi formas\u0131 is\u0259 onu m\u00fcxt\u0259lif m\u0259qs\u0259dl\u0259r \u00fc\u00e7\u00fcn uy\u011fundur \u2014 meyv\u0259l\u0259r, dekorativ kompozisiyalar, servis v\u0259 ya interyer aksenti kimi. M\u0259tb\u0259x, qonaq ota\u011f\u0131 v\u0259 m\u00fcasir i\u015f m\u0259kanlar\u0131 \u00fc\u00e7\u00fcn ideal se\u00e7imdir.<\/p>\n<ul data-start=\"2251\" data-end=\"2462\">\n<li data-start=\"2251\" data-end=\"2283\">\n<p data-start=\"2253\" data-end=\"2283\"><strong data-start=\"2253\" data-end=\"2266\">Material:<\/strong> akril s\u00fcni da\u015f<\/p>\n<\/li>\n<li data-start=\"2284\" data-end=\"2337\">\n<p data-start=\"2286\" data-end=\"2337\"><strong data-start=\"2286\" data-end=\"2297\">Dizayn:<\/strong> asimmetrik \u00fcst konturlu dair\u0259vi forma<\/p>\n<\/li>\n<li data-start=\"2338\" data-end=\"2462\">\n<p data-start=\"2340\" data-end=\"2462\"><strong data-start=\"2340\" data-end=\"2358\">X\u00fcsusiyy\u0259tl\u0259r:<\/strong> m\u00f6hk\u0259mlik v\u0259 y\u00fcng\u00fcll\u00fck, suya davaml\u0131l\u0131q, y\u00fcks\u0259k istiliy\u0259 davaml\u0131l\u0131q, z\u0259rb\u0259y\u0259 davaml\u0131l\u0131q, gigiyenik s\u0259th<\/p>\n<\/li>\n<\/ul>\n<p data-start=\"2464\" data-end=\"2524\">Serithra m\u0259kan\u0131n\u0131za z\u0259riflik v\u0259 sad\u0259 x\u0259tt g\u00f6z\u0259lliyi qatacaq.<\/p>\n","protected":false},"excerpt":{"rendered":"<p>Serithra aksesuar\u0131&#8220;Serithra&#8221; aksesuar\u0131 minimalist skandinaviya \u00fcslubunda haz\u0131rlanm\u0131\u015fd\u0131r v\u0259 t\u0259miz geometrik x\u0259tl\u0259ri il\u0259 se\u00e7ilir. Y\u00fcng\u00fcl asimmetrik \u00fcst kontur ona \u00f6z\u00fcn\u0259m\u0259xsus vizual<\/p>\n","protected":false},"featured_media":16916,"template":"","meta":[],"product_cat":[120],"product_tag":[265,353,354,210,362],"class_list":{"0":"post-16915","1":"product","2":"type-product","3":"status-publish","4":"has-post-thumbnail","6":"product_cat-smallitems","7":"product_tag-akril-das","8":"product_tag-dekorativ-qab","9":"product_tag-ev-aksesuarlari","10":"product_tag-minimalizm","11":"product_tag-skandinaviya-dizayni","13":"first","14":"instock","15":"sale","16":"shipping-taxable","17":"purchasable","18":"product-type-simple"},"_links":{"self":[{"href":"https:\/\/acriera.com\/shop\/wp-json\/wp\/v2\/product\/16915","targetHints":{"allow":["GET"]}}],"collection":[{"href":"https:\/\/acriera.com\/shop\/wp-json\/wp\/v2\/product"}],"about":[{"href":"https:\/\/acriera.com\/shop\/wp-json\/wp\/v2\/types\/product"}],"version-history":[{"count":1,"href":"https:\/\/acriera.com\/shop\/wp-json\/wp\/v2\/product\/16915\/revisions"}],"predecessor-version":[{"id":16928,"href":"https:\/\/acriera.com\/shop\/wp-json\/wp\/v2\/product\/16915\/revisions\/16928"}],"wp:featuredmedia":[{"embeddable":true,"href":"https:\/\/acriera.com\/shop\/wp-json\/wp\/v2\/media\/16916"}],"wp:attachment":[{"href":"https:\/\/acriera.com\/shop\/wp-json\/wp\/v2\/media?parent=16915"}],"wp:term":[{"taxonomy":"product_cat","embeddable":true,"href":"https:\/\/acriera.com\/shop\/wp-json\/wp\/v2\/product_cat?post=16915"},{"taxonomy":"product_tag","embeddable":true,"href":"https:\/\/acriera.com\/shop\/wp-json\/wp\/v2\/product_tag?post=16915"}],"curies":[{"name":"wp","href":"https:\/\/api.w.org\/{rel}","templated":true}]}}