{"id":16825,"date":"2025-11-28T18:06:57","date_gmt":"2025-11-28T14:06:57","guid":{"rendered":"https:\/\/acriera.com\/shop\/?post_type=product&#038;p=16825"},"modified":"2025-11-28T18:47:20","modified_gmt":"2025-11-28T14:47:20","slug":"aerina","status":"publish","type":"product","link":"https:\/\/acriera.com\/shop\/product\/aerina\/","title":{"rendered":"Aerina"},"content":{"rendered":"<p data-start=\"1862\" data-end=\"2203\">&#8220;<strong>Aerina<\/strong>&#8221; aksesuar\u0131 ifad\u0259li heyk\u0259lt\u0259ra\u015fl\u0131q dizayn\u0131 v\u0259 praktik funksionall\u0131\u011f\u0131 il\u0259 se\u00e7ilir. \u00c7oxqatl\u0131 forma yum\u015faq vizual dinamika yarad\u0131r, kompakt \u00f6l\u00e7\u00fcl\u0259r is\u0259 m\u0259tb\u0259x, qonaq ota\u011f\u0131, ofis v\u0259 ya i\u015f masas\u0131ndak\u0131 m\u0259hdud m\u0259kanlarda bel\u0259 istifad\u0259y\u0259 imkan verir. Estetik g\u00f6r\u00fcn\u00fc\u015f v\u0259 praktik yana\u015fma onu h\u0259r interyer \u00fc\u00e7\u00fcn ideal edir.<\/p>\n<ul data-start=\"2205\" data-end=\"2427\">\n<li data-start=\"2205\" data-end=\"2237\">\n<p data-start=\"2207\" data-end=\"2237\"><strong data-start=\"2207\" data-end=\"2220\">Material:<\/strong> akril s\u00fcni da\u015f<\/p>\n<\/li>\n<li data-start=\"2238\" data-end=\"2302\">\n<p data-start=\"2240\" data-end=\"2302\"><strong data-start=\"2240\" data-end=\"2251\">Dizayn:<\/strong> \u00e7oxqatl\u0131 asimmetrik forma, hamar v\u0259 t\u0259miz x\u0259tl\u0259r<\/p>\n<\/li>\n<li data-start=\"2303\" data-end=\"2427\">\n<p data-start=\"2305\" data-end=\"2427\"><strong data-start=\"2305\" data-end=\"2323\">X\u00fcsusiyy\u0259tl\u0259r:<\/strong> m\u00f6hk\u0259mlik v\u0259 y\u00fcng\u00fcll\u00fck, suya davaml\u0131l\u0131q, y\u00fcks\u0259k istiliy\u0259 davaml\u0131l\u0131q, z\u0259rb\u0259y\u0259 davaml\u0131l\u0131q, gigiyenik s\u0259th<\/p>\n<\/li>\n<\/ul>\n<p data-start=\"2429\" data-end=\"2484\"><strong>Aerina<\/strong> interyeriniz\u0259 z\u0259riflik v\u0259 funksionall\u0131q qatacaq.<\/p>\n","protected":false},"excerpt":{"rendered":"<p>&#8220;Aerina&#8221; aksesuar\u0131 ifad\u0259li heyk\u0259lt\u0259ra\u015fl\u0131q dizayn\u0131 v\u0259 praktik funksionall\u0131\u011f\u0131 il\u0259 se\u00e7ilir. \u00c7oxqatl\u0131 forma yum\u015faq vizual dinamika yarad\u0131r, kompakt \u00f6l\u00e7\u00fcl\u0259r is\u0259 m\u0259tb\u0259x,<\/p>\n","protected":false},"featured_media":16826,"template":"","meta":[],"product_cat":[120],"product_tag":[265,353,354,355,225],"class_list":{"0":"post-16825","1":"product","2":"type-product","3":"status-publish","4":"has-post-thumbnail","6":"product_cat-smallitems","7":"product_tag-akril-das","8":"product_tag-dekorativ-qab","9":"product_tag-ev-aksesuarlari","10":"product_tag-kompakt-interyer","11":"product_tag-muasir-dizayn","13":"first","14":"instock","15":"shipping-taxable","16":"purchasable","17":"product-type-variable","18":"has-default-attributes"},"_links":{"self":[{"href":"https:\/\/acriera.com\/shop\/wp-json\/wp\/v2\/product\/16825","targetHints":{"allow":["GET"]}}],"collection":[{"href":"https:\/\/acriera.com\/shop\/wp-json\/wp\/v2\/product"}],"about":[{"href":"https:\/\/acriera.com\/shop\/wp-json\/wp\/v2\/types\/product"}],"version-history":[{"count":5,"href":"https:\/\/acriera.com\/shop\/wp-json\/wp\/v2\/product\/16825\/revisions"}],"predecessor-version":[{"id":16842,"href":"https:\/\/acriera.com\/shop\/wp-json\/wp\/v2\/product\/16825\/revisions\/16842"}],"wp:featuredmedia":[{"embeddable":true,"href":"https:\/\/acriera.com\/shop\/wp-json\/wp\/v2\/media\/16826"}],"wp:attachment":[{"href":"https:\/\/acriera.com\/shop\/wp-json\/wp\/v2\/media?parent=16825"}],"wp:term":[{"taxonomy":"product_cat","embeddable":true,"href":"https:\/\/acriera.com\/shop\/wp-json\/wp\/v2\/product_cat?post=16825"},{"taxonomy":"product_tag","embeddable":true,"href":"https:\/\/acriera.com\/shop\/wp-json\/wp\/v2\/product_tag?post=16825"}],"curies":[{"name":"wp","href":"https:\/\/api.w.org\/{rel}","templated":true}]}}