{"id":16608,"date":"2025-01-20T15:46:29","date_gmt":"2025-01-20T11:46:29","guid":{"rendered":"https:\/\/acriera.com\/shop\/?post_type=product&#038;p=16608"},"modified":"2025-11-28T18:32:42","modified_gmt":"2025-11-28T14:32:42","slug":"alenora","status":"publish","type":"product","link":"https:\/\/acriera.com\/shop\/product\/alenora\/","title":{"rendered":"Alenora"},"content":{"rendered":"<p>\u0130\u015f\u0131qland\u0131rma cihaz\u0131 <strong>&#8220;Alenora&#8221;<\/strong> \u2014 z\u0259rif dizayn v\u0259 funksionall\u0131\u011f\u0131n ideal birl\u0259\u015fm\u0259sidir. Onun yum\u015faq tonlu eleqant i\u015f\u0131\u011f\u0131 m\u00fcasir interyerl\u0259r \u00fc\u00e7\u00fcn rahat atmosfer yarad\u0131r. M\u0259rk\u0259zi taxta panel materiallar\u0131n y\u00fcks\u0259k keyfiyy\u0259tini v\u0259 detallar\u0131n inc\u0259liyini vur\u011fulayaraq cihaz\u0131 x\u00fcsusi edir.<\/p>\n<ul>\n<li><strong>Material:<\/strong> akril s\u00fcni da\u015f, metal<\/li>\n<li><strong>Dizayn:<\/strong> m\u00fcasir, minimalizm, q\u0131z\u0131l\u0131 b\u0259z\u0259k<\/li>\n<li><strong>X\u00fcsusiyy\u0259tl\u0259r:<\/strong> enerji s\u0259m\u0259r\u0259liliyi, b\u0259rab\u0259r i\u015f\u0131qland\u0131rma, davaml\u0131l\u0131q<\/li>\n<\/ul>\n<p><strong>&#8220;Alenora&#8221;<\/strong> interyerinizin rahatl\u0131\u011f\u0131n\u0131 v\u0259 unikall\u0131\u011f\u0131n\u0131 art\u0131raraq z\u0259rif bir \u0259lav\u0259 olacaq.<\/p>\n","protected":false},"excerpt":{"rendered":"<p>\u0130\u015f\u0131qland\u0131rma cihaz\u0131 &#8220;Alenora&#8221; \u2014 z\u0259rif dizayn v\u0259 funksionall\u0131\u011f\u0131n ideal birl\u0259\u015fm\u0259sidir. Onun yum\u015faq tonlu eleqant i\u015f\u0131\u011f\u0131 m\u00fcasir interyerl\u0259r \u00fc\u00e7\u00fcn rahat atmosfer<\/p>\n","protected":false},"featured_media":16098,"template":"","meta":[],"product_cat":[106],"product_tag":[292,290,291,210,225],"class_list":{"0":"post-16608","1":"product","2":"type-product","3":"status-publish","4":"has-post-thumbnail","6":"product_cat-lighting","7":"product_tag-dekorativ-isiq","8":"product_tag-isiqlandirma","9":"product_tag-lampa","10":"product_tag-minimalizm","11":"product_tag-muasir-dizayn","13":"first","14":"instock","15":"shipping-taxable","16":"purchasable","17":"product-type-simple"},"_links":{"self":[{"href":"https:\/\/acriera.com\/shop\/wp-json\/wp\/v2\/product\/16608","targetHints":{"allow":["GET"]}}],"collection":[{"href":"https:\/\/acriera.com\/shop\/wp-json\/wp\/v2\/product"}],"about":[{"href":"https:\/\/acriera.com\/shop\/wp-json\/wp\/v2\/types\/product"}],"version-history":[{"count":1,"href":"https:\/\/acriera.com\/shop\/wp-json\/wp\/v2\/product\/16608\/revisions"}],"predecessor-version":[{"id":16609,"href":"https:\/\/acriera.com\/shop\/wp-json\/wp\/v2\/product\/16608\/revisions\/16609"}],"wp:featuredmedia":[{"embeddable":true,"href":"https:\/\/acriera.com\/shop\/wp-json\/wp\/v2\/media\/16098"}],"wp:attachment":[{"href":"https:\/\/acriera.com\/shop\/wp-json\/wp\/v2\/media?parent=16608"}],"wp:term":[{"taxonomy":"product_cat","embeddable":true,"href":"https:\/\/acriera.com\/shop\/wp-json\/wp\/v2\/product_cat?post=16608"},{"taxonomy":"product_tag","embeddable":true,"href":"https:\/\/acriera.com\/shop\/wp-json\/wp\/v2\/product_tag?post=16608"}],"curies":[{"name":"wp","href":"https:\/\/api.w.org\/{rel}","templated":true}]}}