{"id":16312,"date":"2025-01-08T14:36:28","date_gmt":"2025-01-08T10:36:28","guid":{"rendered":"https:\/\/acriera.com\/shop\/?post_type=product&#038;p=16312"},"modified":"2025-01-22T00:22:45","modified_gmt":"2025-01-21T20:22:45","slug":"orionelia","status":"publish","type":"product","link":"https:\/\/acriera.com\/shop\/product\/orionelia\/","title":{"rendered":"Orionelia"},"content":{"rendered":"<p><strong>Akril vanna &#8220;Orionelia&#8221;<\/strong> m\u00fcasir hamam otaqlar\u0131 \u00fc\u00e7\u00fcn z\u0259rif v\u0259 praktik bir se\u00e7imdir. Onun unikal oval dizayn\u0131 interyer\u0259 inc\u0259lik v\u0259 rahatl\u0131q qat\u0131r. A\u011f r\u0259ngli s\u0259thi t\u0259mizlik v\u0259 geni\u015flik hissi yarad\u0131r.<\/p>\n<ul>\n<li><strong>Material:<\/strong> akril s\u00fcni da\u015f<\/li>\n<li><strong>Dizayn:<\/strong> minimalizm, oval forma<\/li>\n<li><strong>X\u00fcsusiyy\u0259tl\u0259r:<\/strong> davaml\u0131l\u0131q, hamar s\u0259th, asan qulluq<\/li>\n<\/ul>\n","protected":false},"excerpt":{"rendered":"<p>Akril vanna &#8220;Orionelia&#8221; m\u00fcasir hamam otaqlar\u0131 \u00fc\u00e7\u00fcn z\u0259rif v\u0259 praktik bir se\u00e7imdir. Onun unikal oval dizayn\u0131 interyer\u0259 inc\u0259lik v\u0259 rahatl\u0131q<\/p>\n","protected":false},"featured_media":16313,"template":"","meta":[],"product_cat":[233],"product_tag":[236,238,210,225,237],"class_list":{"0":"post-16312","1":"product","2":"type-product","3":"status-publish","4":"has-post-thumbnail","6":"product_cat-vanna","7":"product_tag-akril-vanna","8":"product_tag-byaz","9":"product_tag-minimalizm","10":"product_tag-muasir-dizayn","11":"product_tag-oval","13":"first","14":"onbackorder","15":"shipping-taxable","16":"purchasable","17":"product-type-simple"},"_links":{"self":[{"href":"https:\/\/acriera.com\/shop\/wp-json\/wp\/v2\/product\/16312","targetHints":{"allow":["GET"]}}],"collection":[{"href":"https:\/\/acriera.com\/shop\/wp-json\/wp\/v2\/product"}],"about":[{"href":"https:\/\/acriera.com\/shop\/wp-json\/wp\/v2\/types\/product"}],"version-history":[{"count":2,"href":"https:\/\/acriera.com\/shop\/wp-json\/wp\/v2\/product\/16312\/revisions"}],"predecessor-version":[{"id":16633,"href":"https:\/\/acriera.com\/shop\/wp-json\/wp\/v2\/product\/16312\/revisions\/16633"}],"wp:featuredmedia":[{"embeddable":true,"href":"https:\/\/acriera.com\/shop\/wp-json\/wp\/v2\/media\/16313"}],"wp:attachment":[{"href":"https:\/\/acriera.com\/shop\/wp-json\/wp\/v2\/media?parent=16312"}],"wp:term":[{"taxonomy":"product_cat","embeddable":true,"href":"https:\/\/acriera.com\/shop\/wp-json\/wp\/v2\/product_cat?post=16312"},{"taxonomy":"product_tag","embeddable":true,"href":"https:\/\/acriera.com\/shop\/wp-json\/wp\/v2\/product_tag?post=16312"}],"curies":[{"name":"wp","href":"https:\/\/api.w.org\/{rel}","templated":true}]}}