{"id":16257,"date":"2025-01-07T21:31:56","date_gmt":"2025-01-07T17:31:56","guid":{"rendered":"https:\/\/acriera.com\/shop\/?post_type=product&#038;p=16257"},"modified":"2025-01-22T00:37:03","modified_gmt":"2025-01-21T20:37:03","slug":"florrelia","status":"publish","type":"product","link":"https:\/\/acriera.com\/shop\/product\/florrelia\/","title":{"rendered":"Florrelia"},"content":{"rendered":"<p><strong>&#8220;Florrelia&#8221; Jurnal Masas\u0131<\/strong> \u2014 z\u0259rif dizayn\u0131 v\u0259 funksionall\u0131\u011f\u0131 birl\u0259\u015fdir\u0259n \u0259sl s\u0259n\u0259t \u0259s\u0259ridir. Onun hamar dal\u011fan\u0131 xat\u0131rladan unikal formas\u0131 m\u00fcasir interyerl\u0259r \u00fc\u00e7\u00fcn ideal se\u00e7imdir, m\u0259kana z\u0259riflik v\u0259 f\u0259rdilik qat\u0131r.<\/p>\n<ul>\n<li><strong>Material:<\/strong> akril s\u00fcni da\u015f<\/li>\n<li><strong>Dizayn:<\/strong> minimalizm, \u0259yri x\u0259tl\u0259r, m\u00fcasir \u00fcslub<\/li>\n<li><strong>X\u00fcsusiyy\u0259tl\u0259r:<\/strong> y\u00fcks\u0259k m\u00f6hk\u0259mlik, asan t\u0259mizl\u0259m\u0259, c\u0131z\u0131lmalara qar\u015f\u0131 dayan\u0131ql\u0131l\u0131q<\/li>\n<\/ul>\n<p><strong>Florrelia<\/strong> qonaq ota\u011f\u0131n\u0131z\u0131n diqq\u0259t m\u0259rk\u0259zi olacaq v\u0259 z\u0259riflik dolu rahat bir atmosfer yaradacaq.<\/p>\n","protected":false},"excerpt":{"rendered":"<p>&#8220;Florrelia&#8221; Jurnal Masas\u0131 \u2014 z\u0259rif dizayn\u0131 v\u0259 funksionall\u0131\u011f\u0131 birl\u0259\u015fdir\u0259n \u0259sl s\u0259n\u0259t \u0259s\u0259ridir. Onun hamar dal\u011fan\u0131 xat\u0131rladan unikal formas\u0131 m\u00fcasir interyerl\u0259r<\/p>\n","protected":false},"featured_media":16267,"template":"","meta":[],"product_cat":[124],"product_tag":[211,213,224,210,225,212,226],"class_list":{"0":"post-16257","1":"product","2":"type-product","3":"status-publish","4":"has-post-thumbnail","6":"product_cat-coffeetables","7":"product_tag-yilm","8":"product_tag-hanex","9":"product_tag-jurnal-masasi","10":"product_tag-minimalizm","11":"product_tag-muasir-dizayn","12":"product_tag-termoforminq","13":"product_tag-zrif-interyer","15":"first","16":"instock","17":"featured","18":"shipping-taxable","19":"purchasable","20":"product-type-variable"},"_links":{"self":[{"href":"https:\/\/acriera.com\/shop\/wp-json\/wp\/v2\/product\/16257","targetHints":{"allow":["GET"]}}],"collection":[{"href":"https:\/\/acriera.com\/shop\/wp-json\/wp\/v2\/product"}],"about":[{"href":"https:\/\/acriera.com\/shop\/wp-json\/wp\/v2\/types\/product"}],"version-history":[{"count":3,"href":"https:\/\/acriera.com\/shop\/wp-json\/wp\/v2\/product\/16257\/revisions"}],"predecessor-version":[{"id":16305,"href":"https:\/\/acriera.com\/shop\/wp-json\/wp\/v2\/product\/16257\/revisions\/16305"}],"wp:featuredmedia":[{"embeddable":true,"href":"https:\/\/acriera.com\/shop\/wp-json\/wp\/v2\/media\/16267"}],"wp:attachment":[{"href":"https:\/\/acriera.com\/shop\/wp-json\/wp\/v2\/media?parent=16257"}],"wp:term":[{"taxonomy":"product_cat","embeddable":true,"href":"https:\/\/acriera.com\/shop\/wp-json\/wp\/v2\/product_cat?post=16257"},{"taxonomy":"product_tag","embeddable":true,"href":"https:\/\/acriera.com\/shop\/wp-json\/wp\/v2\/product_tag?post=16257"}],"curies":[{"name":"wp","href":"https:\/\/api.w.org\/{rel}","templated":true}]}}