{"id":16216,"date":"2025-01-07T18:26:01","date_gmt":"2025-01-07T14:26:01","guid":{"rendered":"https:\/\/acriera.com\/shop\/?post_type=product&#038;p=16216"},"modified":"2025-01-22T00:46:38","modified_gmt":"2025-01-21T20:46:38","slug":"amarina","status":"publish","type":"product","link":"https:\/\/acriera.com\/shop\/product\/amarina\/","title":{"rendered":"Amarina"},"content":{"rendered":"<p><strong>Du\u015f paddonu &#8220;Amarina&#8221;<\/strong> \u2014 d\u0259bli vanna otaqlar\u0131 \u00fc\u00e7\u00fcn m\u00fcasir bir h\u0259ll. Dekorativ x\u0259tl\u0259r\u0259 malik geni\u015f s\u0259thi unikal vizual effekt yarad\u0131r v\u0259 minimalist dizayn\u0131 vur\u011fulay\u0131r. Z\u0259rif q\u0259hv\u0259yi baza m\u00fcasir interyerl\u0259r\u0259 istilik v\u0259 rahatl\u0131q qat\u0131r.<\/p>\n<ul>\n<li><strong>Material<\/strong>: akril s\u00fcni da\u015f<\/li>\n<li><strong>Dizayn<\/strong>: minimalizm, geni\u015f s\u0259th, dekorativ x\u0259tl\u0259r<\/li>\n<li><strong>X\u00fcsusiyy\u0259tl\u0259r<\/strong>: suya davaml\u0131l\u0131q, s\u00fcr\u00fc\u015fm\u0259y\u0259 qar\u015f\u0131 s\u0259th, uzun\u00f6m\u00fcrl\u00fcl\u00fck<\/li>\n<\/ul>\n<p><strong>Amarina<\/strong>, funksionall\u0131q v\u0259 estetik g\u00f6r\u00fcn\u00fc\u015f\u00fc birl\u0259\u015fdir\u0259r\u0259k, vanna ota\u011f\u0131n\u0131z\u0131n \u0259sas elementi olacaq.<\/p>\n","protected":false},"excerpt":{"rendered":"<p>Du\u015f paddonu &#8220;Amarina&#8221; \u2014 d\u0259bli vanna otaqlar\u0131 \u00fc\u00e7\u00fcn m\u00fcasir bir h\u0259ll. Dekorativ x\u0259tl\u0259r\u0259 malik geni\u015f s\u0259thi unikal vizual effekt yarad\u0131r<\/p>\n","protected":false},"featured_media":16248,"template":"","meta":[],"product_cat":[184],"product_tag":[171,204,266,225,205],"class_list":{"0":"post-16216","1":"product","2":"type-product","3":"status-publish","4":"has-post-thumbnail","6":"product_cat-dushpoddonlari","7":"product_tag-akrilik","8":"product_tag-dush","9":"product_tag-hamam-otagi","10":"product_tag-muasir-dizayn","11":"product_tag-paddon","13":"first","14":"instock","15":"shipping-taxable","16":"purchasable","17":"product-type-variable"},"_links":{"self":[{"href":"https:\/\/acriera.com\/shop\/wp-json\/wp\/v2\/product\/16216","targetHints":{"allow":["GET"]}}],"collection":[{"href":"https:\/\/acriera.com\/shop\/wp-json\/wp\/v2\/product"}],"about":[{"href":"https:\/\/acriera.com\/shop\/wp-json\/wp\/v2\/types\/product"}],"version-history":[{"count":3,"href":"https:\/\/acriera.com\/shop\/wp-json\/wp\/v2\/product\/16216\/revisions"}],"predecessor-version":[{"id":16639,"href":"https:\/\/acriera.com\/shop\/wp-json\/wp\/v2\/product\/16216\/revisions\/16639"}],"wp:featuredmedia":[{"embeddable":true,"href":"https:\/\/acriera.com\/shop\/wp-json\/wp\/v2\/media\/16248"}],"wp:attachment":[{"href":"https:\/\/acriera.com\/shop\/wp-json\/wp\/v2\/media?parent=16216"}],"wp:term":[{"taxonomy":"product_cat","embeddable":true,"href":"https:\/\/acriera.com\/shop\/wp-json\/wp\/v2\/product_cat?post=16216"},{"taxonomy":"product_tag","embeddable":true,"href":"https:\/\/acriera.com\/shop\/wp-json\/wp\/v2\/product_tag?post=16216"}],"curies":[{"name":"wp","href":"https:\/\/api.w.org\/{rel}","templated":true}]}}