{"id":16199,"date":"2025-01-07T18:02:32","date_gmt":"2025-01-07T14:02:32","guid":{"rendered":"https:\/\/acriera.com\/shop\/?post_type=product&#038;p=16199"},"modified":"2025-01-22T00:44:30","modified_gmt":"2025-01-21T20:44:30","slug":"azora","status":"publish","type":"product","link":"https:\/\/acriera.com\/shop\/product\/azora\/","title":{"rendered":"Azora"},"content":{"rendered":"<p><strong>Du\u015f paddonu &#8220;Azora&#8221;<\/strong> \u2014 m\u00fcasir v\u0259 minimalistik interyerl\u0259r \u00fc\u00e7\u00fcn ideal olan \u00e7oxfunksiyal\u0131 d\u00fczbucaql\u0131 du\u015f paddonudur. Onun hamar a\u011f s\u0259thi asan t\u0259mizl\u0259m\u0259 v\u0259 uzun m\u00fcdd\u0259t t\u0259rav\u0259tli g\u00f6r\u00fcn\u00fc\u015f t\u0259min edir. M\u0259rk\u0259zl\u0259\u015fdirilmi\u015f drenaj suyun s\u0259m\u0259r\u0259li ax\u0131n\u0131n\u0131 t\u0259min edir.<\/p>\n<ul>\n<li><strong>Material<\/strong>: akril s\u00fcni da\u015f<\/li>\n<li><strong>Dizayn<\/strong>: minimalizm, d\u00fczbucaql\u0131 forma<\/li>\n<li><strong>X\u00fcsusiyy\u0259tl\u0259r<\/strong>: n\u0259m\u0259 davaml\u0131l\u0131q, l\u0259k\u0259l\u0259r\u0259 davaml\u0131l\u0131q, ergonomik drenaj<\/li>\n<\/ul>\n<p><strong>Azora<\/strong>, h\u0259m geni\u015f, h\u0259m d\u0259 ki\u00e7ik vanna otaqlar\u0131 \u00fc\u00e7\u00fcn ideal se\u00e7imdir, funksionall\u0131q v\u0259 estetik g\u00f6r\u00fcn\u00fc\u015f \u0259lav\u0259 edir.<\/p>\n","protected":false},"excerpt":{"rendered":"<p>Du\u015f paddonu &#8220;Azora&#8221; \u2014 m\u00fcasir v\u0259 minimalistik interyerl\u0259r \u00fc\u00e7\u00fcn ideal olan \u00e7oxfunksiyal\u0131 d\u00fczbucaql\u0131 du\u015f paddonudur. Onun hamar a\u011f s\u0259thi asan<\/p>\n","protected":false},"featured_media":16207,"template":"","meta":[],"product_cat":[184],"product_tag":[],"class_list":{"0":"post-16199","1":"product","2":"type-product","3":"status-publish","4":"has-post-thumbnail","6":"product_cat-dushpoddonlari","8":"first","9":"instock","10":"shipping-taxable","11":"purchasable","12":"product-type-variable"},"_links":{"self":[{"href":"https:\/\/acriera.com\/shop\/wp-json\/wp\/v2\/product\/16199","targetHints":{"allow":["GET"]}}],"collection":[{"href":"https:\/\/acriera.com\/shop\/wp-json\/wp\/v2\/product"}],"about":[{"href":"https:\/\/acriera.com\/shop\/wp-json\/wp\/v2\/types\/product"}],"version-history":[{"count":3,"href":"https:\/\/acriera.com\/shop\/wp-json\/wp\/v2\/product\/16199\/revisions"}],"predecessor-version":[{"id":16637,"href":"https:\/\/acriera.com\/shop\/wp-json\/wp\/v2\/product\/16199\/revisions\/16637"}],"wp:featuredmedia":[{"embeddable":true,"href":"https:\/\/acriera.com\/shop\/wp-json\/wp\/v2\/media\/16207"}],"wp:attachment":[{"href":"https:\/\/acriera.com\/shop\/wp-json\/wp\/v2\/media?parent=16199"}],"wp:term":[{"taxonomy":"product_cat","embeddable":true,"href":"https:\/\/acriera.com\/shop\/wp-json\/wp\/v2\/product_cat?post=16199"},{"taxonomy":"product_tag","embeddable":true,"href":"https:\/\/acriera.com\/shop\/wp-json\/wp\/v2\/product_tag?post=16199"}],"curies":[{"name":"wp","href":"https:\/\/api.w.org\/{rel}","templated":true}]}}