{"id":16140,"date":"2024-12-28T23:06:35","date_gmt":"2024-12-28T19:06:35","guid":{"rendered":"https:\/\/acriera.com\/shop\/?post_type=product&#038;p=16140"},"modified":"2025-01-22T18:45:41","modified_gmt":"2025-01-22T14:45:41","slug":"arlina","status":"publish","type":"product","link":"https:\/\/acriera.com\/shop\/product\/arlina\/","title":{"rendered":"Arlina"},"content":{"rendered":"<p><strong>&#8220;Arlina&#8221; heyvan yem qab\u0131<\/strong> m\u00fcasir dizayn v\u0259 funksionall\u0131\u011f\u0131n birl\u0259\u015fm\u0259sidir, bu, ev heyvan\u0131n\u0131z \u00fc\u00e7\u00fcn m\u00fck\u0259mm\u0259l se\u00e7imdir. Ergonomik qurulu\u015fu yem\u0259k zaman\u0131 rahatl\u0131q t\u0259min edir.<\/p>\n<ul>\n<li><strong>Material<\/strong>: akril s\u00fcni da\u015f v\u0259 paslanmayan polad<\/li>\n<li><strong>Dizayn<\/strong>: minimalizm, d\u0259qiq x\u0259tl\u0259r, m\u00fcasir \u00fcslub<\/li>\n<li><strong>X\u00fcsusiyy\u0259tl\u0259r<\/strong>: asan qulluq, c\u0131z\u0131lmaya v\u0259 z\u0259d\u0259l\u0259r\u0259 davaml\u0131l\u0131q, gigiyenik<\/li>\n<\/ul>\n<p><strong>&#8220;Arlina&#8221;<\/strong> funksionall\u0131\u011f\u0131 v\u0259 davaml\u0131l\u0131\u011f\u0131 il\u0259 ev heyvan\u0131n\u0131z \u00fc\u00e7\u00fcn rahatl\u0131q t\u0259min ed\u0259c\u0259k.<\/p>\n","protected":false},"excerpt":{"rendered":"<p>&#8220;Arlina&#8221; heyvan yem qab\u0131 m\u00fcasir dizayn v\u0259 funksionall\u0131\u011f\u0131n birl\u0259\u015fm\u0259sidir, bu, ev heyvan\u0131n\u0131z \u00fc\u00e7\u00fcn m\u00fck\u0259mm\u0259l se\u00e7imdir. Ergonomik qurulu\u015fu yem\u0259k zaman\u0131 rahatl\u0131q<\/p>\n","protected":false},"featured_media":16687,"template":"","meta":[],"product_cat":[125],"product_tag":[265,320,321,225,322],"class_list":{"0":"post-16140","1":"product","2":"type-product","3":"status-publish","4":"has-post-thumbnail","6":"product_cat-pet","7":"product_tag-akril-das","8":"product_tag-gigiyenik","9":"product_tag-heyvanlar-ucun","10":"product_tag-muasir-dizayn","11":"product_tag-yem-qabi","13":"first","14":"instock","15":"shipping-taxable","16":"purchasable","17":"product-type-variable","18":"has-default-attributes"},"_links":{"self":[{"href":"https:\/\/acriera.com\/shop\/wp-json\/wp\/v2\/product\/16140","targetHints":{"allow":["GET"]}}],"collection":[{"href":"https:\/\/acriera.com\/shop\/wp-json\/wp\/v2\/product"}],"about":[{"href":"https:\/\/acriera.com\/shop\/wp-json\/wp\/v2\/types\/product"}],"version-history":[{"count":3,"href":"https:\/\/acriera.com\/shop\/wp-json\/wp\/v2\/product\/16140\/revisions"}],"predecessor-version":[{"id":16690,"href":"https:\/\/acriera.com\/shop\/wp-json\/wp\/v2\/product\/16140\/revisions\/16690"}],"wp:featuredmedia":[{"embeddable":true,"href":"https:\/\/acriera.com\/shop\/wp-json\/wp\/v2\/media\/16687"}],"wp:attachment":[{"href":"https:\/\/acriera.com\/shop\/wp-json\/wp\/v2\/media?parent=16140"}],"wp:term":[{"taxonomy":"product_cat","embeddable":true,"href":"https:\/\/acriera.com\/shop\/wp-json\/wp\/v2\/product_cat?post=16140"},{"taxonomy":"product_tag","embeddable":true,"href":"https:\/\/acriera.com\/shop\/wp-json\/wp\/v2\/product_tag?post=16140"}],"curies":[{"name":"wp","href":"https:\/\/api.w.org\/{rel}","templated":true}]}}