{"id":15972,"date":"2024-12-26T14:22:35","date_gmt":"2024-12-26T10:22:35","guid":{"rendered":"https:\/\/acriera.com\/shop\/?post_type=product&#038;p=15972"},"modified":"2025-01-22T19:16:43","modified_gmt":"2025-01-22T15:16:43","slug":"lunara","status":"publish","type":"product","link":"https:\/\/acriera.com\/shop\/product\/lunara\/","title":{"rendered":"Lunara"},"content":{"rendered":"<p><strong>&#8220;Lunara&#8221; taxta dayaql\u0131 dib\u00e7\u0259k<\/strong><\/p>\n<p><strong>&#8220;Lunara&#8221;<\/strong> dib\u00e7\u0259yi minimalist dizayn\u0131 v\u0259 funksionall\u0131\u011f\u0131 birl\u0259\u015fdir\u0259n z\u0259rif dekor elementi kimi Akril s\u00fcni da\u015fdan haz\u0131rlanm\u0131\u015fd\u0131r ki, bu da m\u00f6hk\u0259mlik, n\u0259m\u0259 davaml\u0131l\u0131q v\u0259 uzun\u00f6m\u00fcrl\u00fcl\u00fck t\u0259min edir. Daya\u011f\u0131 t\u0259bii a\u011facdan haz\u0131rlan\u0131b, m\u0259kan\u0131n\u0131za istilik v\u0259 z\u0259riflik qat\u0131r.<\/p>\n<ul>\n<li><strong>Dib\u00e7\u0259k material\u0131<\/strong>: akril s\u00fcni da\u015f<\/li>\n<li><strong>Dayaq<\/strong>: t\u0259bii a\u011fac<\/li>\n<li><strong>Forma<\/strong>: kvadrat<\/li>\n<li><strong>X\u00fcsusiyy\u0259tl\u0259r<\/strong>: dayan\u0131ql\u0131l\u0131q, bax\u0131m rahatl\u0131\u011f\u0131 v\u0259 z\u0259rif g\u00f6r\u00fcn\u00fc\u015f<\/li>\n<\/ul>\n<p><strong>&#8220;Lunara&#8221;<\/strong> ev, ofis v\u0259 ya kommersiya sah\u0259l\u0259rind\u0259 m\u00fcasir interyerinizi b\u0259z\u0259m\u0259k \u00fc\u00e7\u00fcn ideal se\u00e7imdir. Bu dib\u00e7\u0259kl\u0259 bitkil\u0259rinizin g\u00f6z\u0259lliyini vur\u011fulay\u0131n v\u0259 interyeriniz\u0259 d\u0259bli bir toxunu\u015f \u0259lav\u0259 edin.<\/p>\n","protected":false},"excerpt":{"rendered":"<p>&#8220;Lunara&#8221; taxta dayaql\u0131 dib\u00e7\u0259k &#8220;Lunara&#8221; dib\u00e7\u0259yi minimalist dizayn\u0131 v\u0259 funksionall\u0131\u011f\u0131 birl\u0259\u015fdir\u0259n z\u0259rif dekor elementi kimi Akril s\u00fcni da\u015fdan haz\u0131rlanm\u0131\u015fd\u0131r ki,<\/p>\n","protected":false},"featured_media":15975,"template":"","meta":[],"product_cat":[119],"product_tag":[265,170,169,210,225,330,331],"class_list":{"0":"post-15972","1":"product","2":"type-product","3":"status-publish","4":"has-post-thumbnail","6":"product_cat-flowerpots","7":"product_tag-akril-das","8":"product_tag-dibchek","9":"product_tag-gulqabi","10":"product_tag-minimalizm","11":"product_tag-muasir-dizayn","12":"product_tag-taxta-baza","13":"product_tag-uslublu-interyer","15":"first","16":"instock","17":"shipping-taxable","18":"purchasable","19":"product-type-variable","20":"has-default-attributes"},"_links":{"self":[{"href":"https:\/\/acriera.com\/shop\/wp-json\/wp\/v2\/product\/15972","targetHints":{"allow":["GET"]}}],"collection":[{"href":"https:\/\/acriera.com\/shop\/wp-json\/wp\/v2\/product"}],"about":[{"href":"https:\/\/acriera.com\/shop\/wp-json\/wp\/v2\/types\/product"}],"version-history":[{"count":3,"href":"https:\/\/acriera.com\/shop\/wp-json\/wp\/v2\/product\/15972\/revisions"}],"predecessor-version":[{"id":16703,"href":"https:\/\/acriera.com\/shop\/wp-json\/wp\/v2\/product\/15972\/revisions\/16703"}],"wp:featuredmedia":[{"embeddable":true,"href":"https:\/\/acriera.com\/shop\/wp-json\/wp\/v2\/media\/15975"}],"wp:attachment":[{"href":"https:\/\/acriera.com\/shop\/wp-json\/wp\/v2\/media?parent=15972"}],"wp:term":[{"taxonomy":"product_cat","embeddable":true,"href":"https:\/\/acriera.com\/shop\/wp-json\/wp\/v2\/product_cat?post=15972"},{"taxonomy":"product_tag","embeddable":true,"href":"https:\/\/acriera.com\/shop\/wp-json\/wp\/v2\/product_tag?post=15972"}],"curies":[{"name":"wp","href":"https:\/\/api.w.org\/{rel}","templated":true}]}}