{"id":15825,"date":"2024-12-25T17:30:50","date_gmt":"2024-12-25T13:30:50","guid":{"rendered":"https:\/\/acriera.com\/shop\/?post_type=product&#038;p=15825"},"modified":"2025-01-23T19:06:49","modified_gmt":"2025-01-23T15:06:49","slug":"celesta","status":"publish","type":"product","link":"https:\/\/acriera.com\/shop\/product\/celesta\/","title":{"rendered":"Celesta"},"content":{"rendered":"<p><strong>&#8220;Celesta&#8221;<\/strong> \u0259l\u00fczyuyan\u0131 m\u00fcasir hamam otaqlar\u0131 \u00fc\u00e7\u00fcn z\u0259rif v\u0259 kompakt bir h\u0259lldir. D\u00fczbucaql\u0131, s\u0259liq\u0259li dizayn\u0131 t\u0259bii a\u011fac elementl\u0259ri il\u0259 birlikd\u0259 rahatl\u0131q v\u0259 istilik yarad\u0131r. Ki\u00e7ik \u00f6l\u00e7\u00fcl\u0259rin\u0259 g\u00f6r\u0259 <strong>Celesta<\/strong>, b\u00f6y\u00fck \u0259l\u00fczyuyanlar\u0131n yerl\u0259\u015fdiril\u0259 bilm\u0259diyi m\u0259kanlar \u00fc\u00e7\u00fcn m\u00fck\u0259mm\u0259l se\u00e7imdir.<\/p>\n<ul>\n<li><strong>Material:<\/strong> Akril s\u00fcni da\u015f, a\u011fac<\/li>\n<li><strong>Dizayn:<\/strong> D\u00fczbucaql\u0131 forma, t\u0259bii materiallar<\/li>\n<li><strong>X\u00fcsusiyy\u0259tl\u0259r:<\/strong> m\u00f6hk\u0259mlik v\u0259 y\u00fcng\u00fcll\u00fck, suya davaml\u0131l\u0131q, y\u00fcks\u0259k istiliy\u0259 davaml\u0131l\u0131q, z\u0259rb\u0259y\u0259 davaml\u0131l\u0131q, gigiyenik x\u00fcsusiyy\u0259tl\u0259r<\/li>\n<\/ul>\n<p><strong>Celesta<\/strong> \u2014 ki\u00e7ik m\u0259kanlar \u00fc\u00e7\u00fcn praktik v\u0259 estetik bir h\u0259ll.<\/p>\n","protected":false},"excerpt":{"rendered":"<p>&#8220;Celesta&#8221; \u0259l\u00fczyuyan\u0131 m\u00fcasir hamam otaqlar\u0131 \u00fc\u00e7\u00fcn z\u0259rif v\u0259 kompakt bir h\u0259lldir. D\u00fczbucaql\u0131, s\u0259liq\u0259li dizayn\u0131 t\u0259bii a\u011fac elementl\u0259ri il\u0259 birlikd\u0259 rahatl\u0131q<\/p>\n","protected":false},"featured_media":15910,"template":"","meta":[],"product_cat":[121],"product_tag":[311,265,264,350,210],"class_list":{"0":"post-15825","1":"product","2":"type-product","3":"status-publish","4":"has-post-thumbnail","6":"product_cat-small-washbasins","7":"product_tag-agac","8":"product_tag-akril-das","9":"product_tag-luzyuyan","10":"product_tag-kompakt-olcu","11":"product_tag-minimalizm","13":"first","14":"instock","15":"shipping-taxable","16":"purchasable","17":"product-type-simple"},"_links":{"self":[{"href":"https:\/\/acriera.com\/shop\/wp-json\/wp\/v2\/product\/15825","targetHints":{"allow":["GET"]}}],"collection":[{"href":"https:\/\/acriera.com\/shop\/wp-json\/wp\/v2\/product"}],"about":[{"href":"https:\/\/acriera.com\/shop\/wp-json\/wp\/v2\/types\/product"}],"version-history":[{"count":4,"href":"https:\/\/acriera.com\/shop\/wp-json\/wp\/v2\/product\/15825\/revisions"}],"predecessor-version":[{"id":16760,"href":"https:\/\/acriera.com\/shop\/wp-json\/wp\/v2\/product\/15825\/revisions\/16760"}],"wp:featuredmedia":[{"embeddable":true,"href":"https:\/\/acriera.com\/shop\/wp-json\/wp\/v2\/media\/15910"}],"wp:attachment":[{"href":"https:\/\/acriera.com\/shop\/wp-json\/wp\/v2\/media?parent=15825"}],"wp:term":[{"taxonomy":"product_cat","embeddable":true,"href":"https:\/\/acriera.com\/shop\/wp-json\/wp\/v2\/product_cat?post=15825"},{"taxonomy":"product_tag","embeddable":true,"href":"https:\/\/acriera.com\/shop\/wp-json\/wp\/v2\/product_tag?post=15825"}],"curies":[{"name":"wp","href":"https:\/\/api.w.org\/{rel}","templated":true}]}}