{"id":15801,"date":"2024-12-25T17:06:15","date_gmt":"2024-12-25T13:06:15","guid":{"rendered":"https:\/\/acriera.com\/shop\/?post_type=product&#038;p=15801"},"modified":"2024-12-25T21:41:32","modified_gmt":"2024-12-25T17:41:32","slug":"wb-24013","status":"publish","type":"product","link":"https:\/\/acriera.com\/shop\/product\/wb-24013\/","title":{"rendered":"Clarion"},"content":{"rendered":"<p>Eviminizin \u0259n \u00e7ox sevdiyimiz\u00a0 v\u0259 \u0259n \u00e7ox istifad\u0259 olunan yerl\u0259rind\u0259n biri olan vanna otaqlar\u0131nda ad\u0259t\u0259n mebel \u00fc\u00e7\u00fcn ayr\u0131lan sah\u0259 ki\u00e7ik olur. S\u0131rf buna g\u00f6r\u0259d\u0259 bu sah\u0259 \u00fc\u00e7\u00fcn haz\u0131rlanacaq mebell\u0259r g\u00f6zal\u0131c\u0131 v\u0259 rahatl\u0131\u011f\u0131 il\u0259 yana\u015f\u0131 h\u0259md\u0259 ki\u00e7ik v\u0259 funksional olmal\u0131d\u0131r.<\/p>\n<p>M\u0259tb\u0259x v\u0259 hamam otaqlar\u0131nda istifad\u0259 olunan akril moydad\u0131rlar g\u00fcn\u00fc g\u00fcnd\u0259n daha \u00e7ox populyarl\u0131q qazan\u0131r. Buna s\u0259b\u0259b onun unikal t\u0259rkibidir. G\u00f6rk\u0259min\u0259 g\u00f6r\u0259 t\u0259rkibind\u0259 akril qatran\u0131 il\u0259 birg\u0259 mramor, mikroelementl\u0259r, kvars d\u0259n\u0259cikl\u0259ri, \u015f\u00fc\u015f\u0259 v\u0259 dig\u0259r madd\u0259l\u0259r ola bil\u0259r.<\/p>\n<ul>\n<li>Akril moydad\u0131rlar\u0131n xarakteristikas\u0131:<\/li>\n<li>S\u0259rtlik v\u0259 y\u00fcng\u00fcll\u00fck<\/li>\n<li>R\u00fctub\u0259t\u0259 davaml\u0131l\u0131q<\/li>\n<li>Y\u00fcks\u0259k temperatura davaml\u0131l\u0131q<\/li>\n<li>Z\u0259rb\u0259y\u0259 davaml\u0131l\u0131q<\/li>\n<li>Gigiyenik \u00f6z\u0259lliyi<\/li>\n<\/ul>\n<p>V\u0259 dig\u0259r m\u00fcsb\u0259t c\u0259h\u0259tl\u0259ri il\u0259 yegan\u0259 se\u00e7im hal\u0131na g\u0259l\u0259n akril moydad\u0131rlar\u0131 haz\u0131r v\u0259 \u00f6z\u0259l sifari\u015fl\u0259r \u015f\u0259klind\u0259 \u015firk\u0259timizd\u0259n \u0259ld\u0259 ed\u0259 bil\u0259rsiniz.<\/p>\n","protected":false},"excerpt":{"rendered":"<p>Eviminizin \u0259n \u00e7ox sevdiyimiz\u00a0 v\u0259 \u0259n \u00e7ox istifad\u0259 olunan yerl\u0259rind\u0259n biri olan vanna otaqlar\u0131nda ad\u0259t\u0259n mebel \u00fc\u00e7\u00fcn ayr\u0131lan sah\u0259 ki\u00e7ik<\/p>\n","protected":false},"featured_media":15883,"template":"","meta":[],"product_cat":[121],"product_tag":[],"class_list":{"0":"post-15801","1":"product","2":"type-product","3":"status-publish","4":"has-post-thumbnail","6":"product_cat-small-washbasins","8":"first","9":"instock","10":"shipping-taxable","11":"purchasable","12":"product-type-simple"},"_links":{"self":[{"href":"https:\/\/acriera.com\/shop\/wp-json\/wp\/v2\/product\/15801","targetHints":{"allow":["GET"]}}],"collection":[{"href":"https:\/\/acriera.com\/shop\/wp-json\/wp\/v2\/product"}],"about":[{"href":"https:\/\/acriera.com\/shop\/wp-json\/wp\/v2\/types\/product"}],"version-history":[{"count":2,"href":"https:\/\/acriera.com\/shop\/wp-json\/wp\/v2\/product\/15801\/revisions"}],"predecessor-version":[{"id":15949,"href":"https:\/\/acriera.com\/shop\/wp-json\/wp\/v2\/product\/15801\/revisions\/15949"}],"wp:featuredmedia":[{"embeddable":true,"href":"https:\/\/acriera.com\/shop\/wp-json\/wp\/v2\/media\/15883"}],"wp:attachment":[{"href":"https:\/\/acriera.com\/shop\/wp-json\/wp\/v2\/media?parent=15801"}],"wp:term":[{"taxonomy":"product_cat","embeddable":true,"href":"https:\/\/acriera.com\/shop\/wp-json\/wp\/v2\/product_cat?post=15801"},{"taxonomy":"product_tag","embeddable":true,"href":"https:\/\/acriera.com\/shop\/wp-json\/wp\/v2\/product_tag?post=15801"}],"curies":[{"name":"wp","href":"https:\/\/api.w.org\/{rel}","templated":true}]}}