{"id":14927,"date":"2022-05-26T07:06:58","date_gmt":"2022-05-26T03:06:58","guid":{"rendered":"https:\/\/acriera.com\/shop\/?page_id=14927"},"modified":"2024-11-26T16:04:07","modified_gmt":"2024-11-26T12:04:07","slug":"privacy-policy","status":"publish","type":"page","link":"https:\/\/acriera.com\/shop\/privacy-policy\/","title":{"rendered":"\u0130stifad\u0259 \u015e\u0259rtl\u0259ri"},"content":{"rendered":"<h5>\u0130stifad\u0259 \u015e\u0259rtl\u0259ri<\/h5>\n<p>Son Yenil\u0259nm\u0259 Tarixi: 19.11.2024<br \/>\nAcriera t\u0259tbiqin\u0259 xo\u015f g\u0259lmisiniz! Bu \u0130stifad\u0259 \u015e\u0259rtl\u0259ri (&#8220;\u015e\u0259rtl\u0259r&#8221;) t\u0259tbiqimizi v\u0259 veb sayt\u0131m\u0131z\u0131 (birlikd\u0259 &#8220;T\u0259tbiq&#8221;)<br \/>\nistifad\u0259nizi t\u0259nziml\u0259yir. T\u0259tbiq\u0259 daxil olmaqla v\u0259 ya istifad\u0259 etm\u0259kl\u0259, bu \u015e\u0259rtl\u0259ri q\u0259bul etmi\u015f say\u0131l\u0131rs\u0131n\u0131z.<\/p>\n<h5>1. \u015e\u0259rtl\u0259rin Q\u0259bulu<\/h5>\n<p>Acriera t\u0259tbiqind\u0259n istifad\u0259 etm\u0259kl\u0259, siz bu \u015e\u0259rtl\u0259ri oxudu\u011funuzu, ba\u015fa d\u00fc\u015fd\u00fcy\u00fcn\u00fcz\u00fc v\u0259 onlara riay\u0259t<br \/>\ned\u0259c\u0259yinizi t\u0259sdiql\u0259yirsiniz. \u018fg\u0259r bu \u015e\u0259rtl\u0259rl\u0259 raz\u0131 deyilsinizs\u0259, xahi\u015f olunur, T\u0259tbiqd\u0259n istifad\u0259ni dayand\u0131r\u0131n.<\/p>\n<h5>2. Uy\u011funluq T\u0259l\u0259bl\u0259ri<\/h5>\n<p>T\u0259tbiq korporativ \u015firk\u0259tl\u0259r v\u0259 onlayn al\u0131\u015f-veri\u015f ed\u0259n f\u0259rdi istifad\u0259\u00e7il\u0259r \u00fc\u00e7\u00fcn n\u0259z\u0259rd\u0259 tutulmu\u015fdur. T\u0259tbiqd\u0259n<br \/>\nistifad\u0259 \u00fc\u00e7\u00fcn ya\u015f m\u0259hdudiyy\u0259ti \u0259n az\u0131 13 ya\u015fd\u0131r.<\/p>\n<h5>3. \u018fsas Funksiyalar<\/h5>\n<p>T\u0259tbiq a\u015fa\u011f\u0131dak\u0131 funksiyalar\u0131 t\u0259qdim edir:<br \/>\n\u2022 Onlayn al\u0131\u015f-veri\u015f.<br \/>\n\u2022 M\u00fc\u015ft\u0259ri idar\u0259\u00e7iliyi.<br \/>\n\u2022 Anbar idar\u0259\u00e7iliyi.<br \/>\n\u2022 Sifari\u015fl\u0259rin izl\u0259nm\u0259si.<br \/>\n\u2022 \u0130stifad\u0259\u00e7i f\u0259aliyy\u0259tl\u0259rinin analizi.<br \/>\n\u018flav\u0259 funksiyalar zamanla \u0259lav\u0259 oluna bil\u0259r.<\/p>\n<h5>4. \u0130stifad\u0259\u00e7i Hesablar\u0131<\/h5>\n<p>\u2022 Qeydiyyat: T\u0259tbiqin b\u0259zi funksiyalar\u0131na giri\u015f \u00fc\u00e7\u00fcn hesab yaratmal\u0131s\u0131n\u0131z.<br \/>\n\u2022 D\u0259qiqlik: Qeydiyyat zaman\u0131 d\u00fczg\u00fcn v\u0259 aktual m\u0259lumat t\u0259qdim etm\u0259yi \u00f6hd\u0259niz\u0259 g\u00f6t\u00fcr\u00fcrs\u00fcn\u00fcz.<br \/>\n\u2022 T\u0259hl\u00fck\u0259sizlik: Hesab m\u0259lumatlar\u0131n\u0131z\u0131n m\u0259xfiliyini qorumaq sizin m\u0259suliyy\u0259tinizdir.<\/p>\n<h5>5. \u0130stifad\u0259\u00e7i Kontenti<\/h5>\n<p>\u2022 Kontent Y\u00fckl\u0259m\u0259l\u0259ri: \u0130stifad\u0259\u00e7il\u0259r m\u0259tn, \u015f\u0259kill\u0259r v\u0259 dig\u0259r materiallar da daxil olmaqla kontent y\u00fckl\u0259y\u0259<br \/>\nbil\u0259rl\u0259r.<br \/>\n\u2022 Verilmi\u015f H\u00fcquqlar: Kontent y\u00fckl\u0259m\u0259kl\u0259, siz kontentinizin T\u0259tbiqin funksionall\u0131\u011f\u0131 \u00fc\u00e7\u00fcn istifad\u0259 edilm\u0259si,<br \/>\ng\u00f6st\u0259rilm\u0259si v\u0259 yay\u0131lmas\u0131 \u00fc\u00e7\u00fcn biz\u0259 qeyri-ekskl\u00fcziv, d\u00fcnya miqyas\u0131nda v\u0259 pulsuz h\u00fcquq verirsiniz.<br \/>\n\u2022 Qada\u011fan Olunmu\u015f Kontent: Qanunsuz, t\u0259hqiramiz v\u0259 ya ba\u015fqalar\u0131n\u0131n h\u00fcquqlar\u0131n\u0131 pozan kontenti<br \/>\ny\u00fckl\u0259m\u0259m\u0259y\u0259 raz\u0131la\u015f\u0131rs\u0131n\u0131z.<\/p>\n<h5>6. \u00d6d\u0259ni\u015fli Funksiyalar<\/h5>\n<p>G\u0259l\u0259c\u0259kd\u0259 \u00f6d\u0259ni\u015fli funksiyalar t\u0259qdim ed\u0259 bil\u0259rik. Bu funksiyalar t\u0259qdim edildiyi zaman qiym\u0259tl\u0259r, \u00f6d\u0259ni\u015fl\u0259r v\u0259<br \/>\ngeri qaytar\u0131lmalar haqq\u0131nda \u0259trafl\u0131 m\u0259lumat veril\u0259c\u0259k.<\/p>\n<h5>7. M\u0259xfilik v\u0259 M\u0259lumatlar\u0131n Toplanmas\u0131<\/h5>\n<p>Biz istifad\u0259\u00e7i \u0259laq\u0259 v\u0259 \u015f\u0259xsi m\u0259lumatlar\u0131n\u0131 toplay\u0131r v\u0259 saxlay\u0131r\u0131q. Haz\u0131rda M\u0259xfilik Siyas\u0259ti yoxdur. Lakin,<br \/>\nm\u0259lumatlar\u0131n\u0131z\u0131n qorunmas\u0131na sadiqik v\u0259 M\u0259xfilik Siyas\u0259ti haz\u0131r oldu\u011fu zaman istifad\u0259\u00e7il\u0259ri<br \/>\nm\u0259lumatland\u0131raca\u011f\u0131q.<\/p>\n<h5>8. Qada\u011fan Olunmu\u015f F\u0259aliyy\u0259tl\u0259r<\/h5>\n<p>Siz a\u015fa\u011f\u0131dak\u0131lar\u0131 etm\u0259m\u0259y\u0259 raz\u0131la\u015f\u0131rs\u0131n\u0131z:<br \/>\n\u2022 T\u0259tbiqd\u0259n qanunsuz m\u0259qs\u0259dl\u0259r \u00fc\u00e7\u00fcn istifad\u0259 etm\u0259k.<br \/>\n\u2022 T\u0259tbiqi t\u0259rsin\u0259 m\u00fch\u0259ndislik etm\u0259k, d\u0259yi\u015fdirm\u0259k v\u0259 ya m\u00fcdaxil\u0259 etm\u0259k.<br \/>\n\u2022 Ba\u015fqalar\u0131n\u0131n intellektual m\u00fclkiyy\u0259t h\u00fcquqlar\u0131n\u0131 pozmaq.<\/p>\n<h5>9. M\u0259suliyy\u0259tin M\u0259hdudla\u015fd\u0131r\u0131lmas\u0131<\/h5>\n<p>Acriera t\u0259tbiqi &#8220;oldu\u011fu kimi&#8221; t\u0259qdim edilir. Biz a\u015fa\u011f\u0131dak\u0131lara g\u00f6r\u0259 m\u0259suliyy\u0259t da\u015f\u0131m\u0131r\u0131q:<br \/>\n\u2022 T\u0259tbiqd\u0259n istifad\u0259d\u0259n yaranan h\u0259r hans\u0131 z\u0259r\u0259r.<br \/>\n\u2022 M\u0259lumat itkisi v\u0259 ya xidm\u0259t fasil\u0259l\u0259ri.<\/p>\n<h5>10. \u0130stifad\u0259nin Dayand\u0131r\u0131lmas\u0131<\/h5>\n<p>Bu \u015e\u0259rtl\u0259r pozuldu\u011fu t\u0259qdird\u0259, biz \u00f6z q\u0259rar\u0131m\u0131za \u0259sas\u0259n sizin T\u0259tbiq\u0259 v\u0259 ya hesab\u0131n\u0131za giri\u015finizi dayand\u0131rmaq v\u0259<br \/>\nya l\u0259\u011fv etm\u0259k h\u00fcququnu \u00f6z\u00fcm\u00fczd\u0259 saxlay\u0131r\u0131q.<\/p>\n<h5>11. \u015e\u0259rtl\u0259rd\u0259 D\u0259yi\u015fiklikl\u0259r<\/h5>\n<p>Biz bu \u015e\u0259rtl\u0259ri m\u00fct\u0259madi olaraq yenil\u0259y\u0259 bil\u0259rik. T\u0259tbiqd\u0259n istifad\u0259ni davam etdirm\u0259yiniz yenil\u0259nmi\u015f \u015e\u0259rtl\u0259ri<br \/>\nq\u0259bul etdiyinizi bildirir.<\/p>\n<h5>12. T\u0259tbiq Edil\u0259n Qanunvericilik<\/h5>\n<p>Bu \u015e\u0259rtl\u0259r Az\u0259rbaycan Respublikas\u0131n\u0131n qanunvericiliyin\u0259 uy\u011fun olaraq t\u0259nziml\u0259nir.<\/p>\n<h5>13. Biziml\u0259 \u018flaq\u0259<\/h5>\n<p>H\u0259r hans\u0131 sual\u0131n\u0131z v\u0259 ya fikriniz varsa, xahi\u015f olunur, biziml\u0259 support@acirera.com \u00fcnvan\u0131 vasit\u0259sil\u0259 \u0259laq\u0259<br \/>\nsaxlay\u0131n.<\/p>\n","protected":false},"excerpt":{"rendered":"<p>\u0130stifad\u0259 \u015e\u0259rtl\u0259ri Son Yenil\u0259nm\u0259 Tarixi: 19.11.2024 Acriera t\u0259tbiqin\u0259 xo\u015f g\u0259lmisiniz! Bu \u0130stifad\u0259 \u015e\u0259rtl\u0259ri (&#8220;\u015e\u0259rtl\u0259r&#8221;) t\u0259tbiqimizi v\u0259 veb sayt\u0131m\u0131z\u0131 (birlikd\u0259 &#8220;T\u0259tbiq&#8221;)<\/p>\n","protected":false},"author":1,"featured_media":0,"parent":0,"menu_order":0,"comment_status":"closed","ping_status":"closed","template":"","meta":{"footnotes":""},"class_list":["post-14927","page","type-page","status-publish","hentry"],"_links":{"self":[{"href":"https:\/\/acriera.com\/shop\/wp-json\/wp\/v2\/pages\/14927","targetHints":{"allow":["GET"]}}],"collection":[{"href":"https:\/\/acriera.com\/shop\/wp-json\/wp\/v2\/pages"}],"about":[{"href":"https:\/\/acriera.com\/shop\/wp-json\/wp\/v2\/types\/page"}],"author":[{"embeddable":true,"href":"https:\/\/acriera.com\/shop\/wp-json\/wp\/v2\/users\/1"}],"replies":[{"embeddable":true,"href":"https:\/\/acriera.com\/shop\/wp-json\/wp\/v2\/comments?post=14927"}],"version-history":[{"count":9,"href":"https:\/\/acriera.com\/shop\/wp-json\/wp\/v2\/pages\/14927\/revisions"}],"predecessor-version":[{"id":15682,"href":"https:\/\/acriera.com\/shop\/wp-json\/wp\/v2\/pages\/14927\/revisions\/15682"}],"wp:attachment":[{"href":"https:\/\/acriera.com\/shop\/wp-json\/wp\/v2\/media?parent=14927"}],"curies":[{"name":"wp","href":"https:\/\/api.w.org\/{rel}","templated":true}]}}