{"id":17039,"date":"2025-12-08T21:18:25","date_gmt":"2025-12-08T17:18:25","guid":{"rendered":"https:\/\/acriera.com\/shop\/?post_type=product&#038;p=17039"},"modified":"2025-12-08T21:18:53","modified_gmt":"2025-12-08T17:18:53","slug":"macassar-bl-209","status":"publish","type":"product","link":"https:\/\/acriera.com\/shop\/ru\/product\/macassar-bl-209\/","title":{"rendered":"Macassar (BL-209)"},"content":{"rendered":"<p>Q\u0131z\u0131l\u0131 par\u0131lt\u0131l\u0131 detallarla q\u0259hv\u0259yi qara. Metallik v\u0259 q\u0259hv\u0259yi r\u0259ngl\u0259rd\u0259 par\u00e7alar \u0259lav\u0259 olunmu\u015f premium r\u0259ng \u00e7alar\u0131.<\/p>\n","protected":false},"excerpt":{"rendered":"<p>Q\u0131z\u0131l\u0131 par\u0131lt\u0131l\u0131 detallarla q\u0259hv\u0259yi qara. Metallik v\u0259 q\u0259hv\u0259yi r\u0259ngl\u0259rd\u0259 par\u00e7alar \u0259lav\u0259 olunmu\u015f premium r\u0259ng \u00e7alar\u0131.<\/p>\n","protected":false},"featured_media":17040,"template":"","meta":[],"product_cat":[249],"product_tag":[213],"class_list":{"0":"post-17039","1":"product","2":"type-product","3":"status-publish","4":"has-post-thumbnail","6":"product_cat-akrilik-lovheler","7":"product_tag-hanex","9":"first","10":"instock","11":"shipping-taxable","12":"purchasable","13":"product-type-simple"},"_links":{"self":[{"href":"https:\/\/acriera.com\/shop\/ru\/wp-json\/wp\/v2\/product\/17039","targetHints":{"allow":["GET"]}}],"collection":[{"href":"https:\/\/acriera.com\/shop\/ru\/wp-json\/wp\/v2\/product"}],"about":[{"href":"https:\/\/acriera.com\/shop\/ru\/wp-json\/wp\/v2\/types\/product"}],"version-history":[{"count":1,"href":"https:\/\/acriera.com\/shop\/ru\/wp-json\/wp\/v2\/product\/17039\/revisions"}],"predecessor-version":[{"id":17052,"href":"https:\/\/acriera.com\/shop\/ru\/wp-json\/wp\/v2\/product\/17039\/revisions\/17052"}],"wp:featuredmedia":[{"embeddable":true,"href":"https:\/\/acriera.com\/shop\/ru\/wp-json\/wp\/v2\/media\/17040"}],"wp:attachment":[{"href":"https:\/\/acriera.com\/shop\/ru\/wp-json\/wp\/v2\/media?parent=17039"}],"wp:term":[{"taxonomy":"product_cat","embeddable":true,"href":"https:\/\/acriera.com\/shop\/ru\/wp-json\/wp\/v2\/product_cat?post=17039"},{"taxonomy":"product_tag","embeddable":true,"href":"https:\/\/acriera.com\/shop\/ru\/wp-json\/wp\/v2\/product_tag?post=17039"}],"curies":[{"name":"wp","href":"https:\/\/api.w.org\/{rel}","templated":true}]}}