{"id":15731,"date":"2024-12-25T16:50:32","date_gmt":"2024-12-25T12:50:32","guid":{"rendered":"https:\/\/acriera.com\/shop\/?post_type=product&#038;p=15731"},"modified":"2025-01-21T21:25:22","modified_gmt":"2025-01-21T17:25:22","slug":"meliora","status":"publish","type":"product","link":"https:\/\/acriera.com\/shop\/ru\/product\/meliora\/","title":{"rendered":"Meliora"},"content":{"rendered":"<p><strong>&#8220;Meliora&#8221;<\/strong> \u0259l\u00fczyuyan m\u00fcasir interyerl\u0259r \u00fc\u00e7\u00fcn eleqant bir h\u0259lldir. Onun minimalist d\u00fczbucaql\u0131 dizayn\u0131 v\u0259 b\u0259yaz s\u0259thi h\u0259r hans\u0131 bir hamam ota\u011f\u0131na z\u0259riflik v\u0259 funksionall\u0131q qat\u0131r. Qara kran g\u00fccl\u00fc bir kontrast yarad\u0131r v\u0259 m\u0259hsulun \u00fcslubunu v\u0259 estetik g\u00f6r\u00fcn\u00fc\u015f\u00fcn\u00fc vur\u011fulay\u0131r.<\/p>\n<ul>\n<li><strong>Material:<\/strong> Akril s\u00fcni da\u015f<\/li>\n<li><strong>Dizayn:<\/strong> Minimalizm, d\u00fczbucaql\u0131 forma<\/li>\n<li><strong>X\u00fcsusiyy\u0259tl\u0259r:<\/strong> Suya davaml\u0131l\u0131q, davaml\u0131l\u0131q, asan t\u0259mizl\u0259m\u0259<\/li>\n<\/ul>\n<p><strong>Meliora<\/strong> yaln\u0131z funksional bir element deyil, h\u0259m d\u0259 hamam ota\u011f\u0131n\u0131z\u0131n b\u0259z\u0259yi olacaq.<\/p>\n","protected":false},"excerpt":{"rendered":"<p>&#8220;Meliora&#8221; \u0259l\u00fczyuyan m\u00fcasir interyerl\u0259r \u00fc\u00e7\u00fcn eleqant bir h\u0259lldir. Onun minimalist d\u00fczbucaql\u0131 dizayn\u0131 v\u0259 b\u0259yaz s\u0259thi h\u0259r hans\u0131 bir hamam ota\u011f\u0131na<\/p>\n","protected":false},"featured_media":15750,"template":"","meta":[],"product_cat":[121],"product_tag":[265,264,266,210,225],"class_list":{"0":"post-15731","1":"product","2":"type-product","3":"status-publish","4":"has-post-thumbnail","6":"product_cat-small-washbasins","7":"product_tag-akril-das","8":"product_tag-luzyuyan","9":"product_tag-hamam-otagi","10":"product_tag-minimalizm","11":"product_tag-muasir-dizayn","13":"first","14":"instock","15":"sale","16":"featured","17":"shipping-taxable","18":"purchasable","19":"product-type-simple"},"_links":{"self":[{"href":"https:\/\/acriera.com\/shop\/ru\/wp-json\/wp\/v2\/product\/15731","targetHints":{"allow":["GET"]}}],"collection":[{"href":"https:\/\/acriera.com\/shop\/ru\/wp-json\/wp\/v2\/product"}],"about":[{"href":"https:\/\/acriera.com\/shop\/ru\/wp-json\/wp\/v2\/types\/product"}],"version-history":[{"count":10,"href":"https:\/\/acriera.com\/shop\/ru\/wp-json\/wp\/v2\/product\/15731\/revisions"}],"predecessor-version":[{"id":16627,"href":"https:\/\/acriera.com\/shop\/ru\/wp-json\/wp\/v2\/product\/15731\/revisions\/16627"}],"wp:featuredmedia":[{"embeddable":true,"href":"https:\/\/acriera.com\/shop\/ru\/wp-json\/wp\/v2\/media\/15750"}],"wp:attachment":[{"href":"https:\/\/acriera.com\/shop\/ru\/wp-json\/wp\/v2\/media?parent=15731"}],"wp:term":[{"taxonomy":"product_cat","embeddable":true,"href":"https:\/\/acriera.com\/shop\/ru\/wp-json\/wp\/v2\/product_cat?post=15731"},{"taxonomy":"product_tag","embeddable":true,"href":"https:\/\/acriera.com\/shop\/ru\/wp-json\/wp\/v2\/product_tag?post=15731"}],"curies":[{"name":"wp","href":"https:\/\/api.w.org\/{rel}","templated":true}]}}